{"id":29,"date":"2020-10-28T12:58:05","date_gmt":"2020-10-28T12:58:05","guid":{"rendered":"https:\/\/flughafen-parking.ch\/?page_id=29"},"modified":"2025-12-04T11:10:01","modified_gmt":"2025-12-04T10:10:01","slug":"so-funktionierts","status":"publish","type":"page","link":"https:\/\/flughafen-parking.ch\/de\/so-funktionierts\/","title":{"rendered":"So funktioniert&#8217;s"},"content":{"rendered":"<div class=\"wpb-content-wrapper\"><p>[vc_row row_height_percent=&#8221;0&#8243; override_padding=&#8221;yes&#8221; h_padding=&#8221;2&#8243; top_padding=&#8221;2&#8243; bottom_padding=&#8221;0&#8243; back_color=&#8221;color-jevc&#8221; back_image=&#8221;80230&#8243; back_repeat=&#8221;no-repeat&#8221; back_position=&#8221;center top&#8221; overlay_alpha=&#8221;50&#8243; gutter_size=&#8221;3&#8243; column_width_percent=&#8221;100&#8243; shift_y=&#8221;0&#8243; z_index=&#8221;0&#8243; content_parallax=&#8221;0&#8243; el_class=&#8221;headerzeile inhaltsseite&#8221; uncode_shortcode_id=&#8221;213418&#8243; back_color_type=&#8221;uncode-palette&#8221; back_size=&#8221;cover&#8221;][vc_column column_width_percent=&#8221;100&#8243; position_horizontal=&#8221;left&#8221; align_horizontal=&#8221;align_right&#8221; gutter_size=&#8221;3&#8243; style=&#8221;dark&#8221; overlay_alpha=&#8221;50&#8243; shift_x=&#8221;0&#8243; shift_y=&#8221;0&#8243; shift_y_down=&#8221;0&#8243; z_index=&#8221;0&#8243; medium_width=&#8221;0&#8243; mobile_width=&#8221;0&#8243; width=&#8221;1\/1&#8243; uncode_shortcode_id=&#8221;362516&#8243; el_class=&#8221;headerspalte_1&#8243;][uncode_lottie json=&#8221;\/wp-content\/themes\/uncode-child\/lottie\/we_love_cars_2.json&#8221; speed=&#8221;10&#8243; frame_from=&#8221;0&#8243; frame_to=&#8221;100&#8243; media_width_use_pixel=&#8221;yes&#8221; alignment=&#8221;right&#8221; uncode_shortcode_id=&#8221;228674&#8243; title=&#8221;We love Cars&#8221; media_width_pixel=&#8221;290&#8243; el_class=&#8221;hide_ipad hide_mobile&#8221;][uncode_lottie json=&#8221;\/wp-content\/themes\/uncode-child\/lottie\/we_love_cars_2.json&#8221; speed=&#8221;10&#8243; frame_from=&#8221;0&#8243; frame_to=&#8221;100&#8243; media_width_use_pixel=&#8221;yes&#8221; alignment=&#8221;right&#8221; uncode_shortcode_id=&#8221;508740&#8243; title=&#8221;We love Cars&#8221; media_width_pixel=&#8221;190&#8243; el_class=&#8221;hide_desktop hide_mobile&#8221;][uncode_lottie json=&#8221;\/wp-content\/themes\/uncode-child\/lottie\/we_love_cars_2.json&#8221; speed=&#8221;10&#8243; frame_from=&#8221;0&#8243; frame_to=&#8221;100&#8243; media_width_use_pixel=&#8221;yes&#8221; alignment=&#8221;right&#8221; uncode_shortcode_id=&#8221;165737&#8243; title=&#8221;We love Cars&#8221; media_width_pixel=&#8221;130&#8243; el_class=&#8221;hide_desktop hide_ipad&#8221;][\/vc_column][\/vc_row][vc_row row_height_percent=&#8221;0&#8243; override_padding=&#8221;yes&#8221; h_padding=&#8221;2&#8243; top_padding=&#8221;4&#8243; bottom_padding=&#8221;3&#8243; overlay_alpha=&#8221;50&#8243; gutter_size=&#8221;3&#8243; column_width_percent=&#8221;100&#8243; shift_y=&#8221;0&#8243; z_index=&#8221;0&#8243; content_parallax=&#8221;0&#8243; row_name=&#8221;mehr&#8221; uncode_shortcode_id=&#8221;483774&#8243;][vc_column column_width_percent=&#8221;80&#8243; align_horizontal=&#8221;align_center&#8221; gutter_size=&#8221;3&#8243; style=&#8221;dark&#8221; overlay_alpha=&#8221;50&#8243; shift_x=&#8221;0&#8243; shift_y=&#8221;0&#8243; shift_y_down=&#8221;0&#8243; z_index=&#8221;0&#8243; medium_width=&#8221;0&#8243; mobile_width=&#8221;0&#8243; width=&#8221;1\/1&#8243; uncode_shortcode_id=&#8221;204191&#8243;][vc_column_text]<\/p>\n<h1>So funktioniert\u2019s: Schritt f\u00fcr Schritt zu Ihrem Parkplatz<\/h1>\n<p>[\/vc_column_text][\/vc_column][\/vc_row][vc_row row_height_percent=&#8221;0&#8243; override_padding=&#8221;yes&#8221; h_padding=&#8221;2&#8243; top_padding=&#8221;0&#8243; bottom_padding=&#8221;0&#8243; back_color=&#8221;color-100409&#8243; overlay_alpha=&#8221;50&#8243; gutter_size=&#8221;3&#8243; column_width_percent=&#8221;100&#8243; shift_y=&#8221;0&#8243; z_index=&#8221;0&#8243; content_parallax=&#8221;0&#8243; uncode_shortcode_id=&#8221;392231&#8243; back_color_type=&#8221;uncode-palette&#8221; el_class=&#8221;aufzaehlungsbilderzeile&#8221;][vc_column column_width_percent=&#8221;100&#8243; gutter_size=&#8221;3&#8243; overlay_alpha=&#8221;50&#8243; shift_x=&#8221;0&#8243; shift_y=&#8221;0&#8243; shift_y_down=&#8221;0&#8243; z_index=&#8221;0&#8243; medium_width=&#8221;0&#8243; mobile_width=&#8221;0&#8243; width=&#8221;8\/12&#8243; uncode_shortcode_id=&#8221;119126&#8243; el_class=&#8221;aufzaehlungsbildspalte&#8221;][vc_single_image media=&#8221;537&#8243; media_width_percent=&#8221;100&#8243; media_ratio=&#8221;two-one&#8221; uncode_shortcode_id=&#8221;466939&#8243; el_class=&#8221;aufzaehlungsbild&#8221;][\/vc_column][vc_column column_width_percent=&#8221;100&#8243; gutter_size=&#8221;3&#8243; overlay_alpha=&#8221;50&#8243; shift_x=&#8221;0&#8243; shift_y=&#8221;0&#8243; shift_y_down=&#8221;0&#8243; z_index=&#8221;0&#8243; medium_visibility=&#8221;yes&#8221; medium_width=&#8221;0&#8243; mobile_visibility=&#8221;yes&#8221; mobile_width=&#8221;0&#8243; width=&#8221;4\/12&#8243; uncode_shortcode_id=&#8221;129163&#8243;][\/vc_column][\/vc_row][vc_row row_height_percent=&#8221;0&#8243; override_padding=&#8221;yes&#8221; h_padding=&#8221;2&#8243; top_padding=&#8221;0&#8243; bottom_padding=&#8221;0&#8243; overlay_alpha=&#8221;50&#8243; gutter_size=&#8221;3&#8243; column_width_percent=&#8221;100&#8243; shift_y=&#8221;0&#8243; z_index=&#8221;0&#8243; content_parallax=&#8221;0&#8243; uncode_shortcode_id=&#8221;111867&#8243; el_class=&#8221;aufzaehlungszeile&#8221;][vc_column column_width_percent=&#8221;100&#8243; gutter_size=&#8221;3&#8243; overlay_alpha=&#8221;50&#8243; shift_x=&#8221;0&#8243; shift_y=&#8221;0&#8243; shift_y_down=&#8221;0&#8243; z_index=&#8221;0&#8243; medium_visibility=&#8221;yes&#8221; medium_width=&#8221;0&#8243; mobile_visibility=&#8221;yes&#8221; mobile_width=&#8221;0&#8243; width=&#8221;1\/2&#8243; uncode_shortcode_id=&#8221;198635&#8243;][\/vc_column][vc_column column_width_percent=&#8221;100&#8243; gutter_size=&#8221;3&#8243; style=&#8221;light&#8221; back_color=&#8221;color-185717&#8243; overlay_alpha=&#8221;50&#8243; radius=&#8221;std&#8221; shift_x=&#8221;0&#8243; shift_y=&#8221;0&#8243; shift_y_down=&#8221;0&#8243; z_index=&#8221;0&#8243; medium_width=&#8221;0&#8243; mobile_width=&#8221;0&#8243; width=&#8221;1\/2&#8243; uncode_shortcode_id=&#8221;108797&#8243; el_class=&#8221;aufzaehlungsbox&#8221; back_color_type=&#8221;uncode-palette&#8221;][vc_column_text uncode_shortcode_id=&#8221;126090&#8243;]<\/p>\n<h3><span style=\"color: #ceab52;\">Schritt 1: <\/span><br \/>\nIhre Reservierung<\/h3>\n<p>Reservieren Sie Ihren Parkplatz in der Service Arena ganz bequem online und geben Sie uns bei Bedarf auch gleich Ihre Service-W\u00fcnsche an.<\/p>\n<p>[\/vc_column_text][\/vc_column][\/vc_row][vc_row row_height_percent=&#8221;0&#8243; override_padding=&#8221;yes&#8221; h_padding=&#8221;2&#8243; top_padding=&#8221;0&#8243; bottom_padding=&#8221;0&#8243; back_color=&#8221;color-100409&#8243; overlay_alpha=&#8221;50&#8243; gutter_size=&#8221;3&#8243; column_width_percent=&#8221;100&#8243; shift_y=&#8221;0&#8243; z_index=&#8221;0&#8243; content_parallax=&#8221;0&#8243; uncode_shortcode_id=&#8221;555998&#8243; back_color_type=&#8221;uncode-palette&#8221; el_class=&#8221;aufzaehlungsbilderzeile&#8221;][vc_column column_width_percent=&#8221;100&#8243; gutter_size=&#8221;3&#8243; overlay_alpha=&#8221;50&#8243; shift_x=&#8221;0&#8243; shift_y=&#8221;0&#8243; shift_y_down=&#8221;0&#8243; z_index=&#8221;0&#8243; medium_visibility=&#8221;yes&#8221; medium_width=&#8221;0&#8243; mobile_visibility=&#8221;yes&#8221; mobile_width=&#8221;0&#8243; width=&#8221;4\/12&#8243; uncode_shortcode_id=&#8221;111346&#8243;][\/vc_column][vc_column column_width_percent=&#8221;100&#8243; gutter_size=&#8221;3&#8243; overlay_alpha=&#8221;50&#8243; shift_x=&#8221;0&#8243; shift_y=&#8221;0&#8243; shift_y_down=&#8221;0&#8243; z_index=&#8221;0&#8243; medium_width=&#8221;0&#8243; mobile_width=&#8221;0&#8243; width=&#8221;8\/12&#8243; uncode_shortcode_id=&#8221;176260&#8243; el_class=&#8221;aufzaehlungsbildspalte&#8221;][vc_single_image media=&#8221;535&#8243; media_width_percent=&#8221;100&#8243; media_ratio=&#8221;two-one&#8221; uncode_shortcode_id=&#8221;136737&#8243; el_class=&#8221;aufzaehlungsbild&#8221;][\/vc_column][\/vc_row][vc_row row_height_percent=&#8221;0&#8243; override_padding=&#8221;yes&#8221; h_padding=&#8221;2&#8243; top_padding=&#8221;0&#8243; bottom_padding=&#8221;0&#8243; overlay_alpha=&#8221;50&#8243; gutter_size=&#8221;3&#8243; column_width_percent=&#8221;100&#8243; shift_y=&#8221;0&#8243; z_index=&#8221;0&#8243; content_parallax=&#8221;0&#8243; uncode_shortcode_id=&#8221;814755&#8243; el_class=&#8221;aufzaehlungszeile&#8221;][vc_column column_width_percent=&#8221;100&#8243; gutter_size=&#8221;3&#8243; style=&#8221;light&#8221; back_color=&#8221;color-185717&#8243; overlay_alpha=&#8221;50&#8243; radius=&#8221;std&#8221; shift_x=&#8221;0&#8243; shift_y=&#8221;0&#8243; shift_y_down=&#8221;0&#8243; z_index=&#8221;0&#8243; medium_width=&#8221;0&#8243; mobile_width=&#8221;0&#8243; width=&#8221;1\/2&#8243; uncode_shortcode_id=&#8221;433060&#8243; el_class=&#8221;aufzaehlungsbox&#8221; back_color_type=&#8221;uncode-palette&#8221;][vc_column_text uncode_shortcode_id=&#8221;123890&#8243;]<\/p>\n<h3><span style=\"color: #ceab52;\">Schritt 2:<\/span><br \/>\nAbgabe und Shuttle<\/h3>\n<p>Wir nehmen Ihr Auto zum vereinbarten Zeitpunkt in Empfang. Sie \u00fcbergeben uns Ihre Schl\u00fcssel und wir k\u00fcmmern uns um alles andere. Anschliessend bringen wir Sie in nur zwei Minuten komfortabel und bequem zu Ihrem Terminal. Bei Ihrer R\u00fcckkehr holen wir Sie nat\u00fcrlich auch wieder dort ab.<\/p>\n<p>[\/vc_column_text][\/vc_column][vc_column column_width_percent=&#8221;100&#8243; gutter_size=&#8221;3&#8243; overlay_alpha=&#8221;50&#8243; shift_x=&#8221;0&#8243; shift_y=&#8221;0&#8243; shift_y_down=&#8221;0&#8243; z_index=&#8221;0&#8243; medium_visibility=&#8221;yes&#8221; medium_width=&#8221;0&#8243; mobile_visibility=&#8221;yes&#8221; mobile_width=&#8221;0&#8243; width=&#8221;1\/2&#8243; uncode_shortcode_id=&#8221;548469&#8243;][\/vc_column][\/vc_row][vc_row row_height_percent=&#8221;0&#8243; override_padding=&#8221;yes&#8221; h_padding=&#8221;2&#8243; top_padding=&#8221;0&#8243; bottom_padding=&#8221;0&#8243; back_color=&#8221;color-100409&#8243; overlay_alpha=&#8221;50&#8243; gutter_size=&#8221;3&#8243; column_width_percent=&#8221;100&#8243; shift_y=&#8221;0&#8243; z_index=&#8221;0&#8243; content_parallax=&#8221;0&#8243; uncode_shortcode_id=&#8221;392231&#8243; back_color_type=&#8221;uncode-palette&#8221; el_class=&#8221;aufzaehlungsbilderzeile&#8221;][vc_column column_width_percent=&#8221;100&#8243; gutter_size=&#8221;3&#8243; overlay_alpha=&#8221;50&#8243; shift_x=&#8221;0&#8243; shift_y=&#8221;0&#8243; shift_y_down=&#8221;0&#8243; z_index=&#8221;0&#8243; medium_width=&#8221;0&#8243; mobile_width=&#8221;0&#8243; width=&#8221;8\/12&#8243; uncode_shortcode_id=&#8221;119126&#8243; el_class=&#8221;aufzaehlungsbildspalte&#8221;][vc_single_image media=&#8221;533&#8243; media_width_percent=&#8221;100&#8243; media_ratio=&#8221;two-one&#8221; uncode_shortcode_id=&#8221;657389&#8243; el_class=&#8221;aufzaehlungsbild&#8221;][\/vc_column][vc_column column_width_percent=&#8221;100&#8243; gutter_size=&#8221;3&#8243; overlay_alpha=&#8221;50&#8243; shift_x=&#8221;0&#8243; shift_y=&#8221;0&#8243; shift_y_down=&#8221;0&#8243; z_index=&#8221;0&#8243; medium_visibility=&#8221;yes&#8221; medium_width=&#8221;0&#8243; mobile_visibility=&#8221;yes&#8221; mobile_width=&#8221;0&#8243; width=&#8221;4\/12&#8243; uncode_shortcode_id=&#8221;129163&#8243;][\/vc_column][\/vc_row][vc_row row_height_percent=&#8221;0&#8243; override_padding=&#8221;yes&#8221; h_padding=&#8221;2&#8243; top_padding=&#8221;0&#8243; bottom_padding=&#8221;0&#8243; overlay_alpha=&#8221;50&#8243; gutter_size=&#8221;3&#8243; column_width_percent=&#8221;100&#8243; shift_y=&#8221;0&#8243; z_index=&#8221;0&#8243; content_parallax=&#8221;0&#8243; uncode_shortcode_id=&#8221;111867&#8243; el_class=&#8221;aufzaehlungszeile&#8221;][vc_column column_width_percent=&#8221;100&#8243; gutter_size=&#8221;3&#8243; overlay_alpha=&#8221;50&#8243; shift_x=&#8221;0&#8243; shift_y=&#8221;0&#8243; shift_y_down=&#8221;0&#8243; z_index=&#8221;0&#8243; medium_visibility=&#8221;yes&#8221; medium_width=&#8221;0&#8243; mobile_visibility=&#8221;yes&#8221; mobile_width=&#8221;0&#8243; width=&#8221;1\/2&#8243; uncode_shortcode_id=&#8221;198635&#8243;][\/vc_column][vc_column column_width_percent=&#8221;100&#8243; gutter_size=&#8221;3&#8243; style=&#8221;light&#8221; back_color=&#8221;color-185717&#8243; overlay_alpha=&#8221;50&#8243; radius=&#8221;std&#8221; shift_x=&#8221;0&#8243; shift_y=&#8221;0&#8243; shift_y_down=&#8221;0&#8243; z_index=&#8221;0&#8243; medium_width=&#8221;0&#8243; mobile_width=&#8221;0&#8243; width=&#8221;1\/2&#8243; uncode_shortcode_id=&#8221;108797&#8243; el_class=&#8221;aufzaehlungsbox&#8221; back_color_type=&#8221;uncode-palette&#8221;][vc_column_text uncode_shortcode_id=&#8221;501402&#8243;]<\/p>\n<h3><span style=\"color: #ceab52;\">Schritt 3: <\/span><br \/>\nUnsere Services<\/h3>\n<p>Ob professionelle Fahrzeugw\u00e4sche, Reifenwechsel. Reparaturservice oder Volltanken \u2013 je nach Bedarf verw\u00f6hnen wir Ihr Auto w\u00e4hrend Ihrer Abwesenheit mit unseren vielseitigen Dienstleitungen.<\/p>\n<p>[\/vc_column_text][\/vc_column][\/vc_row][vc_row row_height_percent=&#8221;0&#8243; override_padding=&#8221;yes&#8221; h_padding=&#8221;2&#8243; top_padding=&#8221;0&#8243; bottom_padding=&#8221;0&#8243; back_color=&#8221;color-100409&#8243; overlay_alpha=&#8221;50&#8243; gutter_size=&#8221;3&#8243; column_width_percent=&#8221;100&#8243; shift_y=&#8221;0&#8243; z_index=&#8221;0&#8243; content_parallax=&#8221;0&#8243; uncode_shortcode_id=&#8221;555998&#8243; back_color_type=&#8221;uncode-palette&#8221; el_class=&#8221;aufzaehlungsbilderzeile&#8221;][vc_column column_width_percent=&#8221;100&#8243; gutter_size=&#8221;3&#8243; overlay_alpha=&#8221;50&#8243; shift_x=&#8221;0&#8243; shift_y=&#8221;0&#8243; shift_y_down=&#8221;0&#8243; z_index=&#8221;0&#8243; medium_visibility=&#8221;yes&#8221; medium_width=&#8221;0&#8243; mobile_visibility=&#8221;yes&#8221; mobile_width=&#8221;0&#8243; width=&#8221;4\/12&#8243; uncode_shortcode_id=&#8221;111346&#8243;][\/vc_column][vc_column column_width_percent=&#8221;100&#8243; gutter_size=&#8221;3&#8243; overlay_alpha=&#8221;50&#8243; shift_x=&#8221;0&#8243; shift_y=&#8221;0&#8243; shift_y_down=&#8221;0&#8243; z_index=&#8221;0&#8243; medium_width=&#8221;0&#8243; mobile_width=&#8221;0&#8243; width=&#8221;8\/12&#8243; uncode_shortcode_id=&#8221;176260&#8243; el_class=&#8221;aufzaehlungsbildspalte&#8221;][vc_single_image media=&#8221;825&#8243; media_width_percent=&#8221;100&#8243; media_ratio=&#8221;two-one&#8221; uncode_shortcode_id=&#8221;876888&#8243; el_class=&#8221;aufzaehlungsbild&#8221;][\/vc_column][\/vc_row][vc_row row_height_percent=&#8221;0&#8243; override_padding=&#8221;yes&#8221; h_padding=&#8221;2&#8243; top_padding=&#8221;0&#8243; bottom_padding=&#8221;0&#8243; overlay_alpha=&#8221;50&#8243; gutter_size=&#8221;3&#8243; column_width_percent=&#8221;100&#8243; shift_y=&#8221;0&#8243; z_index=&#8221;0&#8243; content_parallax=&#8221;0&#8243; uncode_shortcode_id=&#8221;814755&#8243; el_class=&#8221;aufzaehlungszeile&#8221;][vc_column column_width_percent=&#8221;100&#8243; gutter_size=&#8221;3&#8243; style=&#8221;light&#8221; back_color=&#8221;color-185717&#8243; overlay_alpha=&#8221;50&#8243; radius=&#8221;std&#8221; shift_x=&#8221;0&#8243; shift_y=&#8221;0&#8243; shift_y_down=&#8221;0&#8243; z_index=&#8221;0&#8243; medium_width=&#8221;0&#8243; mobile_width=&#8221;0&#8243; width=&#8221;1\/2&#8243; uncode_shortcode_id=&#8221;433060&#8243; el_class=&#8221;aufzaehlungsbox&#8221; back_color_type=&#8221;uncode-palette&#8221;][vc_column_text uncode_shortcode_id=&#8221;160396&#8243;]<\/p>\n<h3><span style=\"color: #ceab52;\">Schritt 4:<\/span><br \/>\nR\u00fcckgabe und Bezahlung<\/h3>\n<p>Nach Ihrer R\u00fcckkehr wartet Ihr Fahrzeug auf Sie \u2013 auf Wunsch frisch gewaschen, gereinigt und rundum gepflegt. Sie bezahlen ganz einfach mit Bargeld, mit Maestro (EC) oder mit Kreditkarte vor Ort. Dabei entscheiden Sie selbst, ob die Bezahlung bei der Abgabe oder R\u00fcckgabe erfolgt.<\/p>\n<p>[\/vc_column_text][\/vc_column][vc_column column_width_percent=&#8221;100&#8243; gutter_size=&#8221;3&#8243; overlay_alpha=&#8221;50&#8243; shift_x=&#8221;0&#8243; shift_y=&#8221;0&#8243; shift_y_down=&#8221;0&#8243; z_index=&#8221;0&#8243; medium_visibility=&#8221;yes&#8221; medium_width=&#8221;0&#8243; mobile_visibility=&#8221;yes&#8221; mobile_width=&#8221;0&#8243; width=&#8221;1\/2&#8243; uncode_shortcode_id=&#8221;548469&#8243;][\/vc_column][\/vc_row][vc_row row_height_percent=&#8221;0&#8243; override_padding=&#8221;yes&#8221; h_padding=&#8221;2&#8243; top_padding=&#8221;0&#8243; bottom_padding=&#8221;0&#8243; overlay_alpha=&#8221;50&#8243; gutter_size=&#8221;3&#8243; column_width_percent=&#8221;100&#8243; shift_y=&#8221;0&#8243; z_index=&#8221;0&#8243; content_parallax=&#8221;0&#8243; uncode_shortcode_id=&#8221;111353&#8243; css=&#8221;.vc_custom_1764260041381{padding-top: 40px !important;}&#8221;][vc_column width=&#8221;1\/1&#8243;][\/vc_column][\/vc_row][vc_row row_height_percent=&#8221;0&#8243; override_padding=&#8221;yes&#8221; h_padding=&#8221;2&#8243; top_padding=&#8221;4&#8243; bottom_padding=&#8221;4&#8243; back_color=&#8221;color-537615&#8243; overlay_alpha=&#8221;50&#8243; gutter_size=&#8221;3&#8243; column_width_percent=&#8221;100&#8243; shift_y=&#8221;0&#8243; z_index=&#8221;0&#8243; content_parallax=&#8221;0&#8243; row_name=&#8221;mehr&#8221; uncode_shortcode_id=&#8221;103171&#8243; back_color_type=&#8221;uncode-palette&#8221; el_class=&#8221;herzzeile&#8221;][vc_column column_width_percent=&#8221;70&#8243; align_horizontal=&#8221;align_center&#8221; gutter_size=&#8221;3&#8243; overlay_alpha=&#8221;50&#8243; shift_x=&#8221;0&#8243; shift_y=&#8221;0&#8243; shift_y_down=&#8221;0&#8243; z_index=&#8221;0&#8243; medium_width=&#8221;0&#8243; mobile_width=&#8221;0&#8243; width=&#8221;1\/1&#8243; uncode_shortcode_id=&#8221;929628&#8243;][vc_column_text uncode_shortcode_id=&#8221;214025&#8243;]<\/p>\n<h2>Unsere Services<\/h2>\n<p>[\/vc_column_text][vc_column_text uncode_shortcode_id=&#8221;194212&#8243; css=&#8221;.vc_custom_1764174046542{margin-top: 20px !important;}&#8221;]Unseren umfangreichen Service k\u00f6nnen Sie selbstverst\u00e4ndlich auch jederzeit separat in Anspruch nehmen. Wir sind gerne f\u00fcr Sie da und freuen uns auf Ihren Besuch!<\/p>\n<p>[\/vc_column_text][vc_button radius=&#8221;btn-round&#8221; border_width=&#8221;1&#8243; scale_mobile=&#8221;no&#8221; link=&#8221;url:%2Fde%2Fservices%2F|title:%C3%9Cber%20uns&#8221; uncode_shortcode_id=&#8221;800053&#8243; el_class=&#8221;button_on_gold&#8221;]Services entdecken[\/vc_button][\/vc_column][\/vc_row]<\/p>\n<\/div>","protected":false},"excerpt":{"rendered":"<p>[vc_row row_height_percent=&#8221;0&#8243; override_padding=&#8221;yes&#8221; h_padding=&#8221;2&#8243; top_padding=&#8221;2&#8243; bottom_padding=&#8221;0&#8243; back_color=&#8221;color-jevc&#8221; back_image=&#8221;80230&#8243; back_repeat=&#8221;no-repeat&#8221; back_position=&#8221;center top&#8221; overlay_alpha=&#8221;50&#8243; gutter_size=&#8221;3&#8243; column_width_percent=&#8221;100&#8243; shift_y=&#8221;0&#8243; z_index=&#8221;0&#8243; content_parallax=&#8221;0&#8243; el_class=&#8221;headerzeile inhaltsseite&#8221; uncode_shortcode_id=&#8221;213418&#8243; [&hellip;]<\/p>\n","protected":false},"author":1,"featured_media":0,"parent":0,"menu_order":7,"comment_status":"closed","ping_status":"closed","template":"","meta":{"footnotes":""},"class_list":["post-29","page","type-page","status-publish","hentry"],"yoast_head":"<!-- This site is optimized with the Yoast SEO plugin v27.4 - https:\/\/yoast.com\/product\/yoast-seo-wordpress\/ -->\n<title>So funktioniert&#039;s - Service Arena<\/title>\n<meta name=\"robots\" content=\"index, follow, max-snippet:-1, max-image-preview:large, max-video-preview:-1\" \/>\n<link rel=\"canonical\" href=\"https:\/\/flughafen-parking.ch\/de\/so-funktionierts\/\" \/>\n<meta property=\"og:locale\" content=\"de_DE\" \/>\n<meta property=\"og:type\" content=\"article\" \/>\n<meta property=\"og:title\" content=\"So funktioniert&#039;s - Service Arena\" \/>\n<meta property=\"og:description\" content=\"[vc_row row_height_percent=&#8221;0&#8243; override_padding=&#8221;yes&#8221; h_padding=&#8221;2&#8243; top_padding=&#8221;2&#8243; bottom_padding=&#8221;0&#8243; back_color=&#8221;color-jevc&#8221; back_image=&#8221;80230&#8243; back_repeat=&#8221;no-repeat&#8221; back_position=&#8221;center top&#8221; overlay_alpha=&#8221;50&#8243; gutter_size=&#8221;3&#8243; column_width_percent=&#8221;100&#8243; shift_y=&#8221;0&#8243; z_index=&#8221;0&#8243; content_parallax=&#8221;0&#8243; el_class=&#8221;headerzeile inhaltsseite&#8221; uncode_shortcode_id=&#8221;213418&#8243; [&hellip;]\" \/>\n<meta property=\"og:url\" content=\"https:\/\/flughafen-parking.ch\/de\/so-funktionierts\/\" \/>\n<meta property=\"og:site_name\" content=\"Service Arena\" \/>\n<meta property=\"article:modified_time\" content=\"2025-12-04T10:10:01+00:00\" \/>\n<meta name=\"twitter:card\" content=\"summary_large_image\" \/>\n<meta name=\"twitter:label1\" content=\"Gesch\u00e4tzte Lesezeit\" \/>\n\t<meta name=\"twitter:data1\" content=\"4\u00a0Minuten\" \/>\n<script type=\"application\/ld+json\" class=\"yoast-schema-graph\">{\"@context\":\"https:\\\/\\\/schema.org\",\"@graph\":[{\"@type\":\"WebPage\",\"@id\":\"https:\\\/\\\/flughafen-parking.ch\\\/de\\\/so-funktionierts\\\/\",\"url\":\"https:\\\/\\\/flughafen-parking.ch\\\/de\\\/so-funktionierts\\\/\",\"name\":\"So funktioniert's - Service Arena\",\"isPartOf\":{\"@id\":\"https:\\\/\\\/flughafen-parking.ch\\\/de\\\/#website\"},\"datePublished\":\"2020-10-28T12:58:05+00:00\",\"dateModified\":\"2025-12-04T10:10:01+00:00\",\"breadcrumb\":{\"@id\":\"https:\\\/\\\/flughafen-parking.ch\\\/de\\\/so-funktionierts\\\/#breadcrumb\"},\"inLanguage\":\"de\",\"potentialAction\":[{\"@type\":\"ReadAction\",\"target\":[\"https:\\\/\\\/flughafen-parking.ch\\\/de\\\/so-funktionierts\\\/\"]}]},{\"@type\":\"BreadcrumbList\",\"@id\":\"https:\\\/\\\/flughafen-parking.ch\\\/de\\\/so-funktionierts\\\/#breadcrumb\",\"itemListElement\":[{\"@type\":\"ListItem\",\"position\":1,\"name\":\"Startseite\",\"item\":\"https:\\\/\\\/flughafen-parking.ch\\\/de\\\/\"},{\"@type\":\"ListItem\",\"position\":2,\"name\":\"So funktioniert&#8217;s\"}]},{\"@type\":\"WebSite\",\"@id\":\"https:\\\/\\\/flughafen-parking.ch\\\/de\\\/#website\",\"url\":\"https:\\\/\\\/flughafen-parking.ch\\\/de\\\/\",\"name\":\"Service Arena\",\"description\":\"Ihr Flughafen Parking Service\",\"potentialAction\":[{\"@type\":\"SearchAction\",\"target\":{\"@type\":\"EntryPoint\",\"urlTemplate\":\"https:\\\/\\\/flughafen-parking.ch\\\/de\\\/?s={search_term_string}\"},\"query-input\":{\"@type\":\"PropertyValueSpecification\",\"valueRequired\":true,\"valueName\":\"search_term_string\"}}],\"inLanguage\":\"de\"}]}<\/script>\n<!-- \/ Yoast SEO plugin. -->","yoast_head_json":{"title":"So funktioniert's - Service Arena","robots":{"index":"index","follow":"follow","max-snippet":"max-snippet:-1","max-image-preview":"max-image-preview:large","max-video-preview":"max-video-preview:-1"},"canonical":"https:\/\/flughafen-parking.ch\/de\/so-funktionierts\/","og_locale":"de_DE","og_type":"article","og_title":"So funktioniert's - Service Arena","og_description":"[vc_row row_height_percent=&#8221;0&#8243; override_padding=&#8221;yes&#8221; h_padding=&#8221;2&#8243; top_padding=&#8221;2&#8243; bottom_padding=&#8221;0&#8243; back_color=&#8221;color-jevc&#8221; back_image=&#8221;80230&#8243; back_repeat=&#8221;no-repeat&#8221; back_position=&#8221;center top&#8221; overlay_alpha=&#8221;50&#8243; gutter_size=&#8221;3&#8243; column_width_percent=&#8221;100&#8243; shift_y=&#8221;0&#8243; z_index=&#8221;0&#8243; content_parallax=&#8221;0&#8243; el_class=&#8221;headerzeile inhaltsseite&#8221; uncode_shortcode_id=&#8221;213418&#8243; [&hellip;]","og_url":"https:\/\/flughafen-parking.ch\/de\/so-funktionierts\/","og_site_name":"Service Arena","article_modified_time":"2025-12-04T10:10:01+00:00","twitter_card":"summary_large_image","twitter_misc":{"Gesch\u00e4tzte Lesezeit":"4\u00a0Minuten"},"schema":{"@context":"https:\/\/schema.org","@graph":[{"@type":"WebPage","@id":"https:\/\/flughafen-parking.ch\/de\/so-funktionierts\/","url":"https:\/\/flughafen-parking.ch\/de\/so-funktionierts\/","name":"So funktioniert's - Service Arena","isPartOf":{"@id":"https:\/\/flughafen-parking.ch\/de\/#website"},"datePublished":"2020-10-28T12:58:05+00:00","dateModified":"2025-12-04T10:10:01+00:00","breadcrumb":{"@id":"https:\/\/flughafen-parking.ch\/de\/so-funktionierts\/#breadcrumb"},"inLanguage":"de","potentialAction":[{"@type":"ReadAction","target":["https:\/\/flughafen-parking.ch\/de\/so-funktionierts\/"]}]},{"@type":"BreadcrumbList","@id":"https:\/\/flughafen-parking.ch\/de\/so-funktionierts\/#breadcrumb","itemListElement":[{"@type":"ListItem","position":1,"name":"Startseite","item":"https:\/\/flughafen-parking.ch\/de\/"},{"@type":"ListItem","position":2,"name":"So funktioniert&#8217;s"}]},{"@type":"WebSite","@id":"https:\/\/flughafen-parking.ch\/de\/#website","url":"https:\/\/flughafen-parking.ch\/de\/","name":"Service Arena","description":"Ihr Flughafen Parking Service","potentialAction":[{"@type":"SearchAction","target":{"@type":"EntryPoint","urlTemplate":"https:\/\/flughafen-parking.ch\/de\/?s={search_term_string}"},"query-input":{"@type":"PropertyValueSpecification","valueRequired":true,"valueName":"search_term_string"}}],"inLanguage":"de"}]}},"_links":{"self":[{"href":"https:\/\/flughafen-parking.ch\/de\/wp-json\/wp\/v2\/pages\/29","targetHints":{"allow":["GET"]}}],"collection":[{"href":"https:\/\/flughafen-parking.ch\/de\/wp-json\/wp\/v2\/pages"}],"about":[{"href":"https:\/\/flughafen-parking.ch\/de\/wp-json\/wp\/v2\/types\/page"}],"author":[{"embeddable":true,"href":"https:\/\/flughafen-parking.ch\/de\/wp-json\/wp\/v2\/users\/1"}],"replies":[{"embeddable":true,"href":"https:\/\/flughafen-parking.ch\/de\/wp-json\/wp\/v2\/comments?post=29"}],"version-history":[{"count":89,"href":"https:\/\/flughafen-parking.ch\/de\/wp-json\/wp\/v2\/pages\/29\/revisions"}],"predecessor-version":[{"id":80466,"href":"https:\/\/flughafen-parking.ch\/de\/wp-json\/wp\/v2\/pages\/29\/revisions\/80466"}],"wp:attachment":[{"href":"https:\/\/flughafen-parking.ch\/de\/wp-json\/wp\/v2\/media?parent=29"}],"curies":[{"name":"wp","href":"https:\/\/api.w.org\/{rel}","templated":true}]}}