{"id":37,"date":"2020-10-28T12:59:08","date_gmt":"2020-10-28T12:59:08","guid":{"rendered":"https:\/\/flughafen-parking.ch\/?page_id=37"},"modified":"2025-12-16T09:31:16","modified_gmt":"2025-12-16T08:31:16","slug":"ueber-uns","status":"publish","type":"page","link":"https:\/\/flughafen-parking.ch\/de\/ueber-uns\/","title":{"rendered":"\u00dcber uns"},"content":{"rendered":"<div class=\"wpb-content-wrapper\"><p>[vc_row row_height_percent=&#8221;0&#8243; override_padding=&#8221;yes&#8221; h_padding=&#8221;2&#8243; top_padding=&#8221;2&#8243; bottom_padding=&#8221;0&#8243; back_color=&#8221;color-jevc&#8221; back_image=&#8221;80500&#8243; back_repeat=&#8221;no-repeat&#8221; back_position=&#8221;center top&#8221; overlay_alpha=&#8221;50&#8243; gutter_size=&#8221;3&#8243; column_width_percent=&#8221;100&#8243; shift_y=&#8221;0&#8243; z_index=&#8221;0&#8243; content_parallax=&#8221;0&#8243; el_class=&#8221;headerzeile inhaltsseite&#8221; uncode_shortcode_id=&#8221;204951&#8243; back_color_type=&#8221;uncode-palette&#8221; back_size=&#8221;cover&#8221;][vc_column column_width_percent=&#8221;100&#8243; position_horizontal=&#8221;left&#8221; gutter_size=&#8221;3&#8243; style=&#8221;dark&#8221; overlay_alpha=&#8221;50&#8243; shift_x=&#8221;0&#8243; shift_y=&#8221;0&#8243; shift_y_down=&#8221;0&#8243; z_index=&#8221;0&#8243; medium_width=&#8221;0&#8243; mobile_width=&#8221;0&#8243; width=&#8221;1\/1&#8243; uncode_shortcode_id=&#8221;338630&#8243; el_class=&#8221;headerspalte_1&#8243;][uncode_lottie json=&#8221;\/wp-content\/themes\/uncode-child\/lottie\/we_love_cars_2.json&#8221; speed=&#8221;10&#8243; frame_from=&#8221;0&#8243; frame_to=&#8221;100&#8243; media_width_use_pixel=&#8221;yes&#8221; alignment=&#8221;right&#8221; uncode_shortcode_id=&#8221;228674&#8243; title=&#8221;We love Cars&#8221; media_width_pixel=&#8221;290&#8243; el_class=&#8221;hide_ipad hide_mobile&#8221;][uncode_lottie json=&#8221;\/wp-content\/themes\/uncode-child\/lottie\/we_love_cars_2.json&#8221; speed=&#8221;10&#8243; frame_from=&#8221;0&#8243; frame_to=&#8221;100&#8243; media_width_use_pixel=&#8221;yes&#8221; alignment=&#8221;right&#8221; uncode_shortcode_id=&#8221;508740&#8243; title=&#8221;We love Cars&#8221; media_width_pixel=&#8221;190&#8243; el_class=&#8221;hide_desktop hide_mobile&#8221;][uncode_lottie json=&#8221;\/wp-content\/themes\/uncode-child\/lottie\/we_love_cars_2.json&#8221; speed=&#8221;10&#8243; frame_from=&#8221;0&#8243; frame_to=&#8221;100&#8243; media_width_use_pixel=&#8221;yes&#8221; alignment=&#8221;right&#8221; uncode_shortcode_id=&#8221;165737&#8243; title=&#8221;We love Cars&#8221; media_width_pixel=&#8221;130&#8243; el_class=&#8221;hide_desktop hide_ipad&#8221;][\/vc_column][\/vc_row][vc_row row_height_percent=&#8221;0&#8243; override_padding=&#8221;yes&#8221; h_padding=&#8221;2&#8243; top_padding=&#8221;4&#8243; bottom_padding=&#8221;3&#8243; overlay_alpha=&#8221;50&#8243; gutter_size=&#8221;3&#8243; column_width_percent=&#8221;100&#8243; shift_y=&#8221;0&#8243; z_index=&#8221;0&#8243; content_parallax=&#8221;0&#8243; row_name=&#8221;mehr&#8221; uncode_shortcode_id=&#8221;483774&#8243;][vc_column column_width_percent=&#8221;63&#8243; align_horizontal=&#8221;align_center&#8221; gutter_size=&#8221;3&#8243; style=&#8221;light&#8221; overlay_alpha=&#8221;50&#8243; shift_x=&#8221;0&#8243; shift_y=&#8221;0&#8243; shift_y_down=&#8221;0&#8243; z_index=&#8221;0&#8243; medium_width=&#8221;0&#8243; mobile_width=&#8221;0&#8243; width=&#8221;1\/1&#8243; uncode_shortcode_id=&#8221;165773&#8243;][vc_column_text]<\/p>\n<h1>Wer wir sind und was wir f\u00fcr Sie tun<\/h1>\n<p>[\/vc_column_text][\/vc_column][\/vc_row][vc_row row_height_percent=&#8221;0&#8243; override_padding=&#8221;yes&#8221; h_padding=&#8221;2&#8243; top_padding=&#8221;0&#8243; bottom_padding=&#8221;0&#8243; overlay_alpha=&#8221;50&#8243; gutter_size=&#8221;3&#8243; column_width_percent=&#8221;100&#8243; shift_y=&#8221;0&#8243; z_index=&#8221;0&#8243; content_parallax=&#8221;0&#8243; uncode_shortcode_id=&#8221;127248&#8243; el_class=&#8221;aufzaehlungsbilderzeile&#8221;][vc_column column_width_percent=&#8221;100&#8243; gutter_size=&#8221;3&#8243; overlay_alpha=&#8221;50&#8243; shift_x=&#8221;0&#8243; shift_y=&#8221;0&#8243; shift_y_down=&#8221;0&#8243; z_index=&#8221;0&#8243; medium_width=&#8221;0&#8243; mobile_width=&#8221;0&#8243; width=&#8221;8\/12&#8243; uncode_shortcode_id=&#8221;119126&#8243; el_class=&#8221;aufzaehlungsbildspalte&#8221;][vc_single_image media=&#8221;503&#8243; media_width_percent=&#8221;100&#8243; media_ratio=&#8221;two-one&#8221; uncode_shortcode_id=&#8221;681717&#8243; el_class=&#8221;aufzaehlungsbild&#8221;][\/vc_column][vc_column column_width_percent=&#8221;100&#8243; gutter_size=&#8221;3&#8243; overlay_alpha=&#8221;50&#8243; shift_x=&#8221;0&#8243; shift_y=&#8221;0&#8243; shift_y_down=&#8221;0&#8243; z_index=&#8221;0&#8243; medium_visibility=&#8221;yes&#8221; medium_width=&#8221;0&#8243; mobile_visibility=&#8221;yes&#8221; mobile_width=&#8221;0&#8243; width=&#8221;4\/12&#8243; uncode_shortcode_id=&#8221;129163&#8243;][\/vc_column][\/vc_row][vc_row row_height_percent=&#8221;0&#8243; override_padding=&#8221;yes&#8221; h_padding=&#8221;2&#8243; top_padding=&#8221;0&#8243; bottom_padding=&#8221;0&#8243; overlay_alpha=&#8221;50&#8243; gutter_size=&#8221;3&#8243; column_width_percent=&#8221;100&#8243; shift_y=&#8221;0&#8243; z_index=&#8221;0&#8243; content_parallax=&#8221;0&#8243; uncode_shortcode_id=&#8221;111867&#8243; el_class=&#8221;aufzaehlungszeile&#8221;][vc_column column_width_percent=&#8221;100&#8243; gutter_size=&#8221;3&#8243; overlay_alpha=&#8221;50&#8243; shift_x=&#8221;0&#8243; shift_y=&#8221;0&#8243; shift_y_down=&#8221;0&#8243; z_index=&#8221;0&#8243; medium_visibility=&#8221;yes&#8221; medium_width=&#8221;0&#8243; mobile_visibility=&#8221;yes&#8221; mobile_width=&#8221;0&#8243; width=&#8221;1\/2&#8243; uncode_shortcode_id=&#8221;198635&#8243;][\/vc_column][vc_column column_width_percent=&#8221;100&#8243; gutter_size=&#8221;3&#8243; style=&#8221;light&#8221; back_color=&#8221;color-185717&#8243; overlay_alpha=&#8221;50&#8243; radius=&#8221;std&#8221; shift_x=&#8221;0&#8243; shift_y=&#8221;0&#8243; shift_y_down=&#8221;0&#8243; z_index=&#8221;0&#8243; medium_width=&#8221;0&#8243; mobile_width=&#8221;0&#8243; width=&#8221;1\/2&#8243; uncode_shortcode_id=&#8221;108797&#8243; el_class=&#8221;aufzaehlungsbox&#8221; back_color_type=&#8221;uncode-palette&#8221;][vc_column_text]Mit 1200 Parkpl\u00e4tzen und rund 40 Mitarbeitenden geh\u00f6rt die Service Arena AG zu den f\u00fchrenden Parkinganbietern in den Flughafenregion Z\u00fcrich. Neben unserem Parking, welches sich nur 1\u00a0km vom Flughafen befindet, bieten wir zahlreiche weitere attraktive Dienstleistungen an. Dazu geh\u00f6rt der komfortable Shuttle-Service, der Sie bereits ab 04:00 Uhr in nur zwei Minuten direkt zum Flughafenterminal bringt und bei Ihrer R\u00fcckkehr auch wieder von dort abholt. Auf Wunsch k\u00fcmmern wir uns w\u00e4hrend Ihrer Abwesenheit mit einem umfangreichen Service-Angebot um Ihr Fahrzeug. Selbstverst\u00e4ndlich bieten wir Ihnen unsere Dienstleistungen auch an, wenn Sie nicht auf dem Weg zum Flughafen sind.<\/p>\n<p>\u00dcberzeugen Sie sich selbst von unseren professionellen Leistungen. Wir freuen uns auf Ihren Besuch! [\/vc_column_text][\/vc_column][\/vc_row][vc_row row_height_percent=&#8221;0&#8243; override_padding=&#8221;yes&#8221; h_padding=&#8221;2&#8243; top_padding=&#8221;0&#8243; bottom_padding=&#8221;0&#8243; overlay_alpha=&#8221;50&#8243; gutter_size=&#8221;3&#8243; column_width_percent=&#8221;100&#8243; shift_y=&#8221;0&#8243; z_index=&#8221;0&#8243; content_parallax=&#8221;0&#8243; uncode_shortcode_id=&#8221;111353&#8243; css=&#8221;.vc_custom_1764260041381{padding-top: 40px !important;}&#8221;][vc_column width=&#8221;1\/1&#8243;][\/vc_column][\/vc_row][vc_row][vc_column width=&#8221;1\/1&#8243;][uncode_block id=&#8221;757&#8243;][\/vc_column][\/vc_row]<\/p>\n<\/div>","protected":false},"excerpt":{"rendered":"<p>[vc_row row_height_percent=&#8221;0&#8243; override_padding=&#8221;yes&#8221; h_padding=&#8221;2&#8243; top_padding=&#8221;2&#8243; bottom_padding=&#8221;0&#8243; back_color=&#8221;color-jevc&#8221; back_image=&#8221;80500&#8243; back_repeat=&#8221;no-repeat&#8221; back_position=&#8221;center top&#8221; overlay_alpha=&#8221;50&#8243; gutter_size=&#8221;3&#8243; column_width_percent=&#8221;100&#8243; shift_y=&#8221;0&#8243; z_index=&#8221;0&#8243; content_parallax=&#8221;0&#8243; el_class=&#8221;headerzeile inhaltsseite&#8221; uncode_shortcode_id=&#8221;204951&#8243; [&hellip;]<\/p>\n","protected":false},"author":1,"featured_media":0,"parent":0,"menu_order":12,"comment_status":"closed","ping_status":"closed","template":"","meta":{"footnotes":""},"class_list":["post-37","page","type-page","status-publish","hentry"],"yoast_head":"<!-- This site is optimized with the Yoast SEO plugin v27.4 - https:\/\/yoast.com\/product\/yoast-seo-wordpress\/ -->\n<title>\u00dcber uns - Service Arena<\/title>\n<meta name=\"robots\" content=\"index, follow, max-snippet:-1, max-image-preview:large, max-video-preview:-1\" \/>\n<link rel=\"canonical\" href=\"https:\/\/flughafen-parking.ch\/de\/ueber-uns\/\" \/>\n<meta property=\"og:locale\" content=\"de_DE\" \/>\n<meta property=\"og:type\" content=\"article\" \/>\n<meta property=\"og:title\" content=\"\u00dcber uns - Service Arena\" \/>\n<meta property=\"og:description\" content=\"[vc_row row_height_percent=&#8221;0&#8243; override_padding=&#8221;yes&#8221; h_padding=&#8221;2&#8243; top_padding=&#8221;2&#8243; bottom_padding=&#8221;0&#8243; back_color=&#8221;color-jevc&#8221; back_image=&#8221;80500&#8243; back_repeat=&#8221;no-repeat&#8221; back_position=&#8221;center top&#8221; overlay_alpha=&#8221;50&#8243; gutter_size=&#8221;3&#8243; column_width_percent=&#8221;100&#8243; shift_y=&#8221;0&#8243; z_index=&#8221;0&#8243; content_parallax=&#8221;0&#8243; el_class=&#8221;headerzeile inhaltsseite&#8221; uncode_shortcode_id=&#8221;204951&#8243; [&hellip;]\" \/>\n<meta property=\"og:url\" content=\"https:\/\/flughafen-parking.ch\/de\/ueber-uns\/\" \/>\n<meta property=\"og:site_name\" content=\"Service Arena\" \/>\n<meta property=\"article:modified_time\" content=\"2025-12-16T08:31:16+00:00\" \/>\n<meta name=\"twitter:card\" content=\"summary_large_image\" \/>\n<meta name=\"twitter:label1\" content=\"Gesch\u00e4tzte Lesezeit\" \/>\n\t<meta name=\"twitter:data1\" content=\"2\u00a0Minuten\" \/>\n<script type=\"application\/ld+json\" class=\"yoast-schema-graph\">{\"@context\":\"https:\\\/\\\/schema.org\",\"@graph\":[{\"@type\":\"WebPage\",\"@id\":\"https:\\\/\\\/flughafen-parking.ch\\\/de\\\/ueber-uns\\\/\",\"url\":\"https:\\\/\\\/flughafen-parking.ch\\\/de\\\/ueber-uns\\\/\",\"name\":\"\u00dcber uns - Service Arena\",\"isPartOf\":{\"@id\":\"https:\\\/\\\/flughafen-parking.ch\\\/de\\\/#website\"},\"datePublished\":\"2020-10-28T12:59:08+00:00\",\"dateModified\":\"2025-12-16T08:31:16+00:00\",\"breadcrumb\":{\"@id\":\"https:\\\/\\\/flughafen-parking.ch\\\/de\\\/ueber-uns\\\/#breadcrumb\"},\"inLanguage\":\"de\",\"potentialAction\":[{\"@type\":\"ReadAction\",\"target\":[\"https:\\\/\\\/flughafen-parking.ch\\\/de\\\/ueber-uns\\\/\"]}]},{\"@type\":\"BreadcrumbList\",\"@id\":\"https:\\\/\\\/flughafen-parking.ch\\\/de\\\/ueber-uns\\\/#breadcrumb\",\"itemListElement\":[{\"@type\":\"ListItem\",\"position\":1,\"name\":\"Startseite\",\"item\":\"https:\\\/\\\/flughafen-parking.ch\\\/de\\\/\"},{\"@type\":\"ListItem\",\"position\":2,\"name\":\"\u00dcber uns\"}]},{\"@type\":\"WebSite\",\"@id\":\"https:\\\/\\\/flughafen-parking.ch\\\/de\\\/#website\",\"url\":\"https:\\\/\\\/flughafen-parking.ch\\\/de\\\/\",\"name\":\"Service Arena\",\"description\":\"Ihr Flughafen Parking Service\",\"potentialAction\":[{\"@type\":\"SearchAction\",\"target\":{\"@type\":\"EntryPoint\",\"urlTemplate\":\"https:\\\/\\\/flughafen-parking.ch\\\/de\\\/?s={search_term_string}\"},\"query-input\":{\"@type\":\"PropertyValueSpecification\",\"valueRequired\":true,\"valueName\":\"search_term_string\"}}],\"inLanguage\":\"de\"}]}<\/script>\n<!-- \/ Yoast SEO plugin. -->","yoast_head_json":{"title":"\u00dcber uns - Service Arena","robots":{"index":"index","follow":"follow","max-snippet":"max-snippet:-1","max-image-preview":"max-image-preview:large","max-video-preview":"max-video-preview:-1"},"canonical":"https:\/\/flughafen-parking.ch\/de\/ueber-uns\/","og_locale":"de_DE","og_type":"article","og_title":"\u00dcber uns - Service Arena","og_description":"[vc_row row_height_percent=&#8221;0&#8243; override_padding=&#8221;yes&#8221; h_padding=&#8221;2&#8243; top_padding=&#8221;2&#8243; bottom_padding=&#8221;0&#8243; back_color=&#8221;color-jevc&#8221; back_image=&#8221;80500&#8243; back_repeat=&#8221;no-repeat&#8221; back_position=&#8221;center top&#8221; overlay_alpha=&#8221;50&#8243; gutter_size=&#8221;3&#8243; column_width_percent=&#8221;100&#8243; shift_y=&#8221;0&#8243; z_index=&#8221;0&#8243; content_parallax=&#8221;0&#8243; el_class=&#8221;headerzeile inhaltsseite&#8221; uncode_shortcode_id=&#8221;204951&#8243; [&hellip;]","og_url":"https:\/\/flughafen-parking.ch\/de\/ueber-uns\/","og_site_name":"Service Arena","article_modified_time":"2025-12-16T08:31:16+00:00","twitter_card":"summary_large_image","twitter_misc":{"Gesch\u00e4tzte Lesezeit":"2\u00a0Minuten"},"schema":{"@context":"https:\/\/schema.org","@graph":[{"@type":"WebPage","@id":"https:\/\/flughafen-parking.ch\/de\/ueber-uns\/","url":"https:\/\/flughafen-parking.ch\/de\/ueber-uns\/","name":"\u00dcber uns - Service Arena","isPartOf":{"@id":"https:\/\/flughafen-parking.ch\/de\/#website"},"datePublished":"2020-10-28T12:59:08+00:00","dateModified":"2025-12-16T08:31:16+00:00","breadcrumb":{"@id":"https:\/\/flughafen-parking.ch\/de\/ueber-uns\/#breadcrumb"},"inLanguage":"de","potentialAction":[{"@type":"ReadAction","target":["https:\/\/flughafen-parking.ch\/de\/ueber-uns\/"]}]},{"@type":"BreadcrumbList","@id":"https:\/\/flughafen-parking.ch\/de\/ueber-uns\/#breadcrumb","itemListElement":[{"@type":"ListItem","position":1,"name":"Startseite","item":"https:\/\/flughafen-parking.ch\/de\/"},{"@type":"ListItem","position":2,"name":"\u00dcber uns"}]},{"@type":"WebSite","@id":"https:\/\/flughafen-parking.ch\/de\/#website","url":"https:\/\/flughafen-parking.ch\/de\/","name":"Service Arena","description":"Ihr Flughafen Parking Service","potentialAction":[{"@type":"SearchAction","target":{"@type":"EntryPoint","urlTemplate":"https:\/\/flughafen-parking.ch\/de\/?s={search_term_string}"},"query-input":{"@type":"PropertyValueSpecification","valueRequired":true,"valueName":"search_term_string"}}],"inLanguage":"de"}]}},"_links":{"self":[{"href":"https:\/\/flughafen-parking.ch\/de\/wp-json\/wp\/v2\/pages\/37","targetHints":{"allow":["GET"]}}],"collection":[{"href":"https:\/\/flughafen-parking.ch\/de\/wp-json\/wp\/v2\/pages"}],"about":[{"href":"https:\/\/flughafen-parking.ch\/de\/wp-json\/wp\/v2\/types\/page"}],"author":[{"embeddable":true,"href":"https:\/\/flughafen-parking.ch\/de\/wp-json\/wp\/v2\/users\/1"}],"replies":[{"embeddable":true,"href":"https:\/\/flughafen-parking.ch\/de\/wp-json\/wp\/v2\/comments?post=37"}],"version-history":[{"count":32,"href":"https:\/\/flughafen-parking.ch\/de\/wp-json\/wp\/v2\/pages\/37\/revisions"}],"predecessor-version":[{"id":80507,"href":"https:\/\/flughafen-parking.ch\/de\/wp-json\/wp\/v2\/pages\/37\/revisions\/80507"}],"wp:attachment":[{"href":"https:\/\/flughafen-parking.ch\/de\/wp-json\/wp\/v2\/media?parent=37"}],"curies":[{"name":"wp","href":"https:\/\/api.w.org\/{rel}","templated":true}]}}