{"id":49,"date":"2020-10-28T13:59:20","date_gmt":"2020-10-28T13:59:20","guid":{"rendered":"https:\/\/flughafen-parking.ch\/?page_id=49"},"modified":"2025-12-16T09:39:28","modified_gmt":"2025-12-16T08:39:28","slug":"agb","status":"publish","type":"page","link":"https:\/\/flughafen-parking.ch\/de\/agb\/","title":{"rendered":"AGB"},"content":{"rendered":"<div class=\"wpb-content-wrapper\"><p>[vc_row row_height_percent=&#8221;0&#8243; override_padding=&#8221;yes&#8221; h_padding=&#8221;2&#8243; top_padding=&#8221;2&#8243; bottom_padding=&#8221;0&#8243; back_color=&#8221;color-jevc&#8221; back_image=&#8221;80501&#8243; back_repeat=&#8221;no-repeat&#8221; back_position=&#8221;center top&#8221; overlay_alpha=&#8221;50&#8243; gutter_size=&#8221;3&#8243; column_width_percent=&#8221;100&#8243; shift_y=&#8221;0&#8243; z_index=&#8221;0&#8243; content_parallax=&#8221;0&#8243; el_class=&#8221;headerzeile inhaltsseite&#8221; uncode_shortcode_id=&#8221;202339&#8243; back_color_type=&#8221;uncode-palette&#8221; back_size=&#8221;cover&#8221;][vc_column column_width_percent=&#8221;100&#8243; position_horizontal=&#8221;left&#8221; gutter_size=&#8221;3&#8243; style=&#8221;dark&#8221; overlay_alpha=&#8221;50&#8243; shift_x=&#8221;0&#8243; shift_y=&#8221;0&#8243; shift_y_down=&#8221;0&#8243; z_index=&#8221;0&#8243; medium_width=&#8221;0&#8243; mobile_width=&#8221;0&#8243; width=&#8221;1\/1&#8243; uncode_shortcode_id=&#8221;338630&#8243; el_class=&#8221;headerspalte_1&#8243;][uncode_lottie json=&#8221;\/wp-content\/themes\/uncode-child\/lottie\/we_love_cars_2.json&#8221; speed=&#8221;10&#8243; frame_from=&#8221;0&#8243; frame_to=&#8221;100&#8243; media_width_use_pixel=&#8221;yes&#8221; alignment=&#8221;right&#8221; uncode_shortcode_id=&#8221;228674&#8243; title=&#8221;We love Cars&#8221; media_width_pixel=&#8221;290&#8243; el_class=&#8221;hide_ipad hide_mobile&#8221;][uncode_lottie json=&#8221;\/wp-content\/themes\/uncode-child\/lottie\/we_love_cars_2.json&#8221; speed=&#8221;10&#8243; frame_from=&#8221;0&#8243; frame_to=&#8221;100&#8243; media_width_use_pixel=&#8221;yes&#8221; alignment=&#8221;right&#8221; uncode_shortcode_id=&#8221;508740&#8243; title=&#8221;We love Cars&#8221; media_width_pixel=&#8221;190&#8243; el_class=&#8221;hide_desktop hide_mobile&#8221;][uncode_lottie json=&#8221;\/wp-content\/themes\/uncode-child\/lottie\/we_love_cars_2.json&#8221; speed=&#8221;10&#8243; frame_from=&#8221;0&#8243; frame_to=&#8221;100&#8243; media_width_use_pixel=&#8221;yes&#8221; alignment=&#8221;right&#8221; uncode_shortcode_id=&#8221;165737&#8243; title=&#8221;We love Cars&#8221; media_width_pixel=&#8221;130&#8243; el_class=&#8221;hide_desktop hide_ipad&#8221;][\/vc_column][\/vc_row][vc_row row_height_percent=&#8221;0&#8243; override_padding=&#8221;yes&#8221; h_padding=&#8221;2&#8243; top_padding=&#8221;4&#8243; bottom_padding=&#8221;3&#8243; overlay_alpha=&#8221;50&#8243; gutter_size=&#8221;3&#8243; column_width_percent=&#8221;100&#8243; shift_y=&#8221;0&#8243; z_index=&#8221;0&#8243; content_parallax=&#8221;0&#8243; row_name=&#8221;mehr&#8221; uncode_shortcode_id=&#8221;483774&#8243;][vc_column column_width_percent=&#8221;63&#8243; align_horizontal=&#8221;align_center&#8221; gutter_size=&#8221;3&#8243; style=&#8221;light&#8221; overlay_alpha=&#8221;50&#8243; shift_x=&#8221;0&#8243; shift_y=&#8221;0&#8243; shift_y_down=&#8221;0&#8243; z_index=&#8221;0&#8243; medium_width=&#8221;0&#8243; mobile_width=&#8221;0&#8243; width=&#8221;1\/1&#8243; uncode_shortcode_id=&#8221;165773&#8243;][vc_column_text uncode_shortcode_id=&#8221;123688&#8243;]<\/p>\n<h1>Allgemeine Gesch\u00e4fts\u00adbedingungen<\/h1>\n<p>[\/vc_column_text][\/vc_column][\/vc_row][vc_row row_height_percent=&#8221;0&#8243; override_padding=&#8221;yes&#8221; h_padding=&#8221;2&#8243; top_padding=&#8221;0&#8243; bottom_padding=&#8221;4&#8243; overlay_alpha=&#8221;50&#8243; gutter_size=&#8221;3&#8243; column_width_percent=&#8221;100&#8243; shift_y=&#8221;0&#8243; z_index=&#8221;0&#8243;][vc_column width=&#8221;1\/12&#8243;][\/vc_column][vc_column width=&#8221;10\/12&#8243;][vc_column_text]Im Nachfolgenden wird die Firma Service Arena Flughafen Parking als Flughafen Parking genannt.[\/vc_column_text][vc_column_text]<\/p>\n<h4>1. Vertragsabschluss<\/h4>\n<p>1.1 Der Vertragsabschluss kommt bei der \u00dcbergabe des Fahrzeugschl\u00fcssels an Flughafen Parking zu Stande.<\/p>\n<p>1.2 Der Vertrag wird bei der R\u00fcckgabe des Fahrzeugschl\u00fcssels von Flughafen Parking an den Kunden beendet.<\/p>\n<p>1.3 Hat ein Dritter die Buchung get\u00e4tigt, haftet er neben dem eigentlichen Kunden als Gesamtschuldner f\u00fcr alle vertraglichen Verpflichtungen des Kunden. Die Anspr\u00fcche aus dem Vertragsverh\u00e4ltnis stehen ausschliesslich dem Kunden zu und sind nur mit Zustimmung von Flughafen Parking auf einen Dritten \u00fcbertragbar.<\/p>\n<h4>2. Leistungsumfang<\/h4>\n<p>2.1 Flughafen Parking stellt dem Kunden einen Parkplatz auf dem von ihr betriebenen Areal f\u00fcr die vereinbarte Mietdauer, ausschliesslich zu Parkzwecken und entgeltlich zur Verf\u00fcgung. Ein Anspruch auf einen bestimmten Stellplatz besteht nicht. Der Kunde versichert, dass das Fahrzeug sein Eigentum ist oder er es mit Einverst\u00e4ndnis des Eigent\u00fcmers benutzt und es keine Fl\u00fcssigkeiten verliert.<\/p>\n<p>2.2 Die \u00d6ffnungszeiten werden von Flughafen Parking festgesetzt und durch Aushang oder auf andere geeignete Weise bekannt gegeben. Die \u00d6ffnungszeiten k\u00f6nnen einseitig von Flughafen Parking nach vorheriger Ank\u00fcndigung, ge\u00e4ndert werden. F\u00fcr den Kunden ergeben sich keine Anspr\u00fcche gegen Flughafen Parking, wenn er sein Fahrzeug nicht vertragsgem\u00e4ss abholt, einliefert oder die \u00d6ffnungszeiten nicht beachtet.<\/p>\n<p>2.3 Das Einstellen von Fahrzeugen erfolgt auf Gefahr des Kunden, Zwecks Verschiebung von Fahrzeugen kann es vorkommen, dass mit dem Wagen max. 5 Kilometer zur\u00fcckgelegt werden m\u00fcssen.<\/p>\n<h4>3. Preise, Zahlungsbedingungen<\/h4>\n<p>3.1 Die von Flughafen Parking angegebenen Preise sind grunds\u00e4tzlich verbindlich.<\/p>\n<p>3.2 Das Parkentgelt ist bei der R\u00fcckgabe des Fahrzeuges zu begleichen.<\/p>\n<p>3.3 Flughafen Parking steht wegen seiner Forderungen aus dem Vertragsverh\u00e4ltnis ein Zur\u00fcckbehaltungsrecht sowie ein gesetzliches Pfandrecht (Vermieterpfandrecht) an den eingebrachten Sachen des Kunden, insbesondere dem PKW zu. Flughafen Parking ist insoweit berechtigt die Herausgabe des Fahrzeuges zu verweigern, sofern und solange nicht der gesamte vereinbarte und f\u00e4llige Rechnungsbetrag beglichen ist.<\/p>\n<h4>4. Haftung<\/h4>\n<p>4.1 Flughafen Parking sowie dessen gesetzlichen Vertreter und Erf\u00fcllungsgehilfen haften nur f\u00fcr Sch\u00e4den aus der Verletzung des Lebens, des K\u00f6rpers oder der Gesundheit sowie f\u00fcr sonstige Sch\u00e4den, die auf einer vors\u00e4tzlichen oder grob fahrl\u00e4ssigen Pflichtverletzung durch Flughafen Parking, eines gesetzlichen Vertreter oder Erf\u00fcllungsgehilfen beruhen.<\/p>\n<p>4.2 Flughafen Parking haftet mit Ausnahme vorgenannter F\u00e4lle insbesondere nicht f\u00fcr Besch\u00e4digungen oder den Diebstahl von auf dem Parkgel\u00e4nde abgestellten Fahrzeugen. F\u00fcr auf dem Parkplatzgel\u00e4nde von Kunden verursachte Verkehrsunf\u00e4lle sowie f\u00fcr Besch\u00e4digungen oder Verlust des vom Kunden oder Dritten mitgef\u00fchrten Gep\u00e4cks oder sonstiger Gegenst\u00e4nde.<\/p>\n<p>4.3 Es wird nur der Fahrzeugschl\u00fcssel vom Kunden an Flughafen Parking abgegeben. F\u00fcr andere Schl\u00fcssel oder Schl\u00fcsselanh\u00e4nger wird keine Haftung \u00fcbernommen.<\/p>\n<p>4.4 F\u00fcr pers\u00f6nliche Gegenst\u00e4nde des Kunden, welche im Fahrzeug zur\u00fcck gelassen werden, \u00fcbernimmt Flughafen Parking keine Haftung.<\/p>\n<p>4.5 Das Fahrzeug muss in einem verkehrst\u00fcchtigen Zustand nach Schweizer Strassenverkehrsgesetz (SVG) sein, die Reifenprofiltiefe muss den gesetzlichen Anforderungen entsprechen. Ansonsten lehnt Flughafen Parking die Entgegennahme des Fahrzeuges ab.<\/p>\n<p>4.6 Der Kunde haftet nach den gesetzlichen Vorschriften f\u00fcr alle durch ihn selbst oder durch seine Angestellten zugef\u00fcgten Sch\u00e4den. Dies gilt auch f\u00fcr von ihm zu vertretende Verunreinigungen des Parkgel\u00e4ndes. Sollte ein Fahrzeug wegen technischem Defekt nicht anspringen, ist es Sache des Kunden, entsprechende Massnahmen (Autohilfe) zu treffen. Sollte das Fahrzeug auch nach dieser Intervention nicht anspringen, haftet Flughafen Parking nicht f\u00fcr allf\u00e4llige R\u00fcckfahrt- oder \u00dcbernachtungskosten.<\/p>\n<h4>5. Verschiedenes<\/h4>\n<p>Gerichtsstand ist Z\u00fcrich\/Schweiz.[\/vc_column_text][\/vc_column][vc_column width=&#8221;1\/12&#8243;][\/vc_column][\/vc_row]<\/p>\n<\/div>","protected":false},"excerpt":{"rendered":"<p>[vc_row row_height_percent=&#8221;0&#8243; override_padding=&#8221;yes&#8221; h_padding=&#8221;2&#8243; top_padding=&#8221;2&#8243; bottom_padding=&#8221;0&#8243; back_color=&#8221;color-jevc&#8221; back_image=&#8221;80501&#8243; back_repeat=&#8221;no-repeat&#8221; back_position=&#8221;center top&#8221; overlay_alpha=&#8221;50&#8243; gutter_size=&#8221;3&#8243; column_width_percent=&#8221;100&#8243; shift_y=&#8221;0&#8243; z_index=&#8221;0&#8243; content_parallax=&#8221;0&#8243; el_class=&#8221;headerzeile inhaltsseite&#8221; uncode_shortcode_id=&#8221;202339&#8243; [&hellip;]<\/p>\n","protected":false},"author":1,"featured_media":0,"parent":0,"menu_order":15,"comment_status":"closed","ping_status":"closed","template":"","meta":{"footnotes":""},"class_list":["post-49","page","type-page","status-publish","hentry"],"yoast_head":"<!-- This site is optimized with the Yoast SEO plugin v27.4 - https:\/\/yoast.com\/product\/yoast-seo-wordpress\/ -->\n<title>AGB - Service Arena<\/title>\n<meta name=\"robots\" content=\"index, follow, max-snippet:-1, max-image-preview:large, max-video-preview:-1\" \/>\n<link rel=\"canonical\" href=\"https:\/\/flughafen-parking.ch\/de\/agb\/\" \/>\n<meta property=\"og:locale\" content=\"de_DE\" \/>\n<meta property=\"og:type\" content=\"article\" \/>\n<meta property=\"og:title\" content=\"AGB - Service Arena\" \/>\n<meta property=\"og:description\" content=\"[vc_row row_height_percent=&#8221;0&#8243; override_padding=&#8221;yes&#8221; h_padding=&#8221;2&#8243; top_padding=&#8221;2&#8243; bottom_padding=&#8221;0&#8243; back_color=&#8221;color-jevc&#8221; back_image=&#8221;80501&#8243; back_repeat=&#8221;no-repeat&#8221; back_position=&#8221;center top&#8221; overlay_alpha=&#8221;50&#8243; gutter_size=&#8221;3&#8243; column_width_percent=&#8221;100&#8243; shift_y=&#8221;0&#8243; z_index=&#8221;0&#8243; content_parallax=&#8221;0&#8243; el_class=&#8221;headerzeile inhaltsseite&#8221; uncode_shortcode_id=&#8221;202339&#8243; [&hellip;]\" \/>\n<meta property=\"og:url\" content=\"https:\/\/flughafen-parking.ch\/de\/agb\/\" \/>\n<meta property=\"og:site_name\" content=\"Service Arena\" \/>\n<meta property=\"article:modified_time\" content=\"2025-12-16T08:39:28+00:00\" \/>\n<meta name=\"twitter:card\" content=\"summary_large_image\" \/>\n<meta name=\"twitter:label1\" content=\"Gesch\u00e4tzte Lesezeit\" \/>\n\t<meta name=\"twitter:data1\" content=\"4\u00a0Minuten\" \/>\n<script type=\"application\/ld+json\" class=\"yoast-schema-graph\">{\"@context\":\"https:\\\/\\\/schema.org\",\"@graph\":[{\"@type\":\"WebPage\",\"@id\":\"https:\\\/\\\/flughafen-parking.ch\\\/de\\\/agb\\\/\",\"url\":\"https:\\\/\\\/flughafen-parking.ch\\\/de\\\/agb\\\/\",\"name\":\"AGB - Service Arena\",\"isPartOf\":{\"@id\":\"https:\\\/\\\/flughafen-parking.ch\\\/de\\\/#website\"},\"datePublished\":\"2020-10-28T13:59:20+00:00\",\"dateModified\":\"2025-12-16T08:39:28+00:00\",\"breadcrumb\":{\"@id\":\"https:\\\/\\\/flughafen-parking.ch\\\/de\\\/agb\\\/#breadcrumb\"},\"inLanguage\":\"de\",\"potentialAction\":[{\"@type\":\"ReadAction\",\"target\":[\"https:\\\/\\\/flughafen-parking.ch\\\/de\\\/agb\\\/\"]}]},{\"@type\":\"BreadcrumbList\",\"@id\":\"https:\\\/\\\/flughafen-parking.ch\\\/de\\\/agb\\\/#breadcrumb\",\"itemListElement\":[{\"@type\":\"ListItem\",\"position\":1,\"name\":\"Startseite\",\"item\":\"https:\\\/\\\/flughafen-parking.ch\\\/de\\\/\"},{\"@type\":\"ListItem\",\"position\":2,\"name\":\"AGB\"}]},{\"@type\":\"WebSite\",\"@id\":\"https:\\\/\\\/flughafen-parking.ch\\\/de\\\/#website\",\"url\":\"https:\\\/\\\/flughafen-parking.ch\\\/de\\\/\",\"name\":\"Service Arena\",\"description\":\"Ihr Flughafen Parking Service\",\"potentialAction\":[{\"@type\":\"SearchAction\",\"target\":{\"@type\":\"EntryPoint\",\"urlTemplate\":\"https:\\\/\\\/flughafen-parking.ch\\\/de\\\/?s={search_term_string}\"},\"query-input\":{\"@type\":\"PropertyValueSpecification\",\"valueRequired\":true,\"valueName\":\"search_term_string\"}}],\"inLanguage\":\"de\"}]}<\/script>\n<!-- \/ Yoast SEO plugin. -->","yoast_head_json":{"title":"AGB - Service Arena","robots":{"index":"index","follow":"follow","max-snippet":"max-snippet:-1","max-image-preview":"max-image-preview:large","max-video-preview":"max-video-preview:-1"},"canonical":"https:\/\/flughafen-parking.ch\/de\/agb\/","og_locale":"de_DE","og_type":"article","og_title":"AGB - Service Arena","og_description":"[vc_row row_height_percent=&#8221;0&#8243; override_padding=&#8221;yes&#8221; h_padding=&#8221;2&#8243; top_padding=&#8221;2&#8243; bottom_padding=&#8221;0&#8243; back_color=&#8221;color-jevc&#8221; back_image=&#8221;80501&#8243; back_repeat=&#8221;no-repeat&#8221; back_position=&#8221;center top&#8221; overlay_alpha=&#8221;50&#8243; gutter_size=&#8221;3&#8243; column_width_percent=&#8221;100&#8243; shift_y=&#8221;0&#8243; z_index=&#8221;0&#8243; content_parallax=&#8221;0&#8243; el_class=&#8221;headerzeile inhaltsseite&#8221; uncode_shortcode_id=&#8221;202339&#8243; [&hellip;]","og_url":"https:\/\/flughafen-parking.ch\/de\/agb\/","og_site_name":"Service Arena","article_modified_time":"2025-12-16T08:39:28+00:00","twitter_card":"summary_large_image","twitter_misc":{"Gesch\u00e4tzte Lesezeit":"4\u00a0Minuten"},"schema":{"@context":"https:\/\/schema.org","@graph":[{"@type":"WebPage","@id":"https:\/\/flughafen-parking.ch\/de\/agb\/","url":"https:\/\/flughafen-parking.ch\/de\/agb\/","name":"AGB - Service Arena","isPartOf":{"@id":"https:\/\/flughafen-parking.ch\/de\/#website"},"datePublished":"2020-10-28T13:59:20+00:00","dateModified":"2025-12-16T08:39:28+00:00","breadcrumb":{"@id":"https:\/\/flughafen-parking.ch\/de\/agb\/#breadcrumb"},"inLanguage":"de","potentialAction":[{"@type":"ReadAction","target":["https:\/\/flughafen-parking.ch\/de\/agb\/"]}]},{"@type":"BreadcrumbList","@id":"https:\/\/flughafen-parking.ch\/de\/agb\/#breadcrumb","itemListElement":[{"@type":"ListItem","position":1,"name":"Startseite","item":"https:\/\/flughafen-parking.ch\/de\/"},{"@type":"ListItem","position":2,"name":"AGB"}]},{"@type":"WebSite","@id":"https:\/\/flughafen-parking.ch\/de\/#website","url":"https:\/\/flughafen-parking.ch\/de\/","name":"Service Arena","description":"Ihr Flughafen Parking Service","potentialAction":[{"@type":"SearchAction","target":{"@type":"EntryPoint","urlTemplate":"https:\/\/flughafen-parking.ch\/de\/?s={search_term_string}"},"query-input":{"@type":"PropertyValueSpecification","valueRequired":true,"valueName":"search_term_string"}}],"inLanguage":"de"}]}},"_links":{"self":[{"href":"https:\/\/flughafen-parking.ch\/de\/wp-json\/wp\/v2\/pages\/49","targetHints":{"allow":["GET"]}}],"collection":[{"href":"https:\/\/flughafen-parking.ch\/de\/wp-json\/wp\/v2\/pages"}],"about":[{"href":"https:\/\/flughafen-parking.ch\/de\/wp-json\/wp\/v2\/types\/page"}],"author":[{"embeddable":true,"href":"https:\/\/flughafen-parking.ch\/de\/wp-json\/wp\/v2\/users\/1"}],"replies":[{"embeddable":true,"href":"https:\/\/flughafen-parking.ch\/de\/wp-json\/wp\/v2\/comments?post=49"}],"version-history":[{"count":15,"href":"https:\/\/flughafen-parking.ch\/de\/wp-json\/wp\/v2\/pages\/49\/revisions"}],"predecessor-version":[{"id":80511,"href":"https:\/\/flughafen-parking.ch\/de\/wp-json\/wp\/v2\/pages\/49\/revisions\/80511"}],"wp:attachment":[{"href":"https:\/\/flughafen-parking.ch\/de\/wp-json\/wp\/v2\/media?parent=49"}],"curies":[{"name":"wp","href":"https:\/\/api.w.org\/{rel}","templated":true}]}}